{"id":226,"date":"2017-05-29T19:43:11","date_gmt":"2017-05-29T17:43:11","guid":{"rendered":"http:\/\/wrofin.ue.wroc.pl\/?page_id=226"},"modified":"2026-05-04T14:09:15","modified_gmt":"2026-05-04T12:09:15","slug":"scientific-board","status":"publish","type":"page","link":"https:\/\/wrofin.ue.wroc.pl\/?page_id=226","title":{"rendered":"Scientific board"},"content":{"rendered":"<h4><strong>\u232a<\/strong>\u00a0SCIENTIFIC COMMITTEE<\/h4>\n<div class=\"entry-content\">\n<ul>\n<li>Chairman:<br \/>\nProf. dr hab. Krzysztof Jajuga<br \/>\nWroc\u0142aw University of Economics and Business<\/li>\n<li>Members:<br \/>\nDr hab. Andrzej Dudek, prof. UE<br \/>\nDr hab. Katarzyna Kuziak, prof. UE<br \/>\nDr hab. Aleksander Mercik, prof. UE<br \/>\nDr hab. Rados\u0142aw Pietrzyk, prof. UE<br \/>\nDr hab. Krzysztof Piontek, prof. UE<br \/>\nDr hab. Pawe\u0142 Rokita, prof. UE<br \/>\nDr hab. Tomasz S\u0142onski, prof. UE \u00b4<br \/>\nDr hab. Dariusz Wawrzyniak, prof. UE<br \/>\nDr hab. Justyna Zabawa, prof. UE<\/li>\n<\/ul>\n<\/div>\n","protected":false},"excerpt":{"rendered":"<p>\u232a\u00a0SCIENTIFIC COMMITTEE Chairman: Prof. dr hab. Krzysztof Jajuga Wroc\u0142aw University of Economics and Business Members: Dr hab. Andrzej Dudek, prof. UE Dr hab. Katarzyna Kuziak, prof. UE Dr hab. Aleksander Mercik, prof. UE Dr hab. Rados\u0142aw Pietrzyk, prof. UE Dr hab. Krzysztof Piontek, prof. UE Dr hab. Pawe\u0142 Rokita, prof. UE Dr hab. Tomasz S\u0142onski, [&hellip;]<\/p>\n","protected":false},"author":1,"featured_media":0,"parent":0,"menu_order":0,"comment_status":"closed","ping_status":"closed","template":"","meta":{"footnotes":""},"class_list":["post-226","page","type-page","status-publish","hentry"],"_links":{"self":[{"href":"https:\/\/wrofin.ue.wroc.pl\/index.php?rest_route=\/wp\/v2\/pages\/226","targetHints":{"allow":["GET"]}}],"collection":[{"href":"https:\/\/wrofin.ue.wroc.pl\/index.php?rest_route=\/wp\/v2\/pages"}],"about":[{"href":"https:\/\/wrofin.ue.wroc.pl\/index.php?rest_route=\/wp\/v2\/types\/page"}],"author":[{"embeddable":true,"href":"https:\/\/wrofin.ue.wroc.pl\/index.php?rest_route=\/wp\/v2\/users\/1"}],"replies":[{"embeddable":true,"href":"https:\/\/wrofin.ue.wroc.pl\/index.php?rest_route=%2Fwp%2Fv2%2Fcomments&post=226"}],"version-history":[{"count":4,"href":"https:\/\/wrofin.ue.wroc.pl\/index.php?rest_route=\/wp\/v2\/pages\/226\/revisions"}],"predecessor-version":[{"id":1067,"href":"https:\/\/wrofin.ue.wroc.pl\/index.php?rest_route=\/wp\/v2\/pages\/226\/revisions\/1067"}],"wp:attachment":[{"href":"https:\/\/wrofin.ue.wroc.pl\/index.php?rest_route=%2Fwp%2Fv2%2Fmedia&parent=226"}],"curies":[{"name":"wp","href":"https:\/\/api.w.org\/{rel}","templated":true}]}}